{"id":4709,"date":"2020-07-24T01:21:03","date_gmt":"2020-07-24T01:21:03","guid":{"rendered":"https:\/\/ceylantreyler.com\/entreprise\/"},"modified":"2024-12-06T14:20:12","modified_gmt":"2024-12-06T14:20:12","slug":"entreprise","status":"publish","type":"page","link":"https:\/\/ceylantreyler.com\/fr\/entreprise\/","title":{"rendered":"Entreprise"},"content":{"rendered":"\t\t<div data-elementor-type=\"wp-page\" data-elementor-id=\"4709\" class=\"elementor elementor-4709 elementor-128\">\n\t\t\t\t\t\t<section class=\"elementor-section elementor-top-section elementor-element elementor-element-85bb74e elementor-section-boxed elementor-section-height-default elementor-section-height-default\" data-id=\"85bb74e\" data-element_type=\"section\" data-e-type=\"section\" data-settings=\"{&quot;background_background&quot;:&quot;classic&quot;}\">\n\t\t\t\t\t\t\t<div class=\"elementor-background-overlay\"><\/div>\n\t\t\t\t\t\t\t<div class=\"elementor-container elementor-column-gap-no\">\n\t\t\t\t\t<div class=\"elementor-column elementor-col-100 elementor-top-column elementor-element elementor-element-a0246ed\" data-id=\"a0246ed\" data-element_type=\"column\" data-e-type=\"column\">\n\t\t\t<div class=\"elementor-widget-wrap elementor-element-populated\">\n\t\t\t\t\t\t<div class=\"elementor-element elementor-element-71631aa elementor-widget elementor-widget-heading\" data-id=\"71631aa\" data-element_type=\"widget\" data-e-type=\"widget\" data-widget_type=\"heading.default\">\n\t\t\t\t<div class=\"elementor-widget-container\">\n\t\t\t\t\t<h1 class=\"elementor-heading-title elementor-size-default\">Entreprise<\/h1>\t\t\t\t<\/div>\n\t\t\t\t<\/div>\n\t\t\t\t<div class=\"elementor-element elementor-element-e3b61b9 elementor-widget-divider--view-line elementor-widget elementor-widget-divider\" data-id=\"e3b61b9\" data-element_type=\"widget\" data-e-type=\"widget\" data-widget_type=\"divider.default\">\n\t\t\t\t<div class=\"elementor-widget-container\">\n\t\t\t\t\t\t\t<div class=\"elementor-divider\">\n\t\t\t<span class=\"elementor-divider-separator\">\n\t\t\t\t\t\t<\/span>\n\t\t<\/div>\n\t\t\t\t\t\t<\/div>\n\t\t\t\t<\/div>\n\t\t\t\t\t<\/div>\n\t\t<\/div>\n\t\t\t\t\t<\/div>\n\t\t<\/section>\n\t\t<div class=\"elementor-element elementor-element-da88c9d e-flex e-con-boxed e-con e-parent\" data-id=\"da88c9d\" data-element_type=\"container\" data-e-type=\"container\">\n\t\t\t\t\t<div class=\"e-con-inner\">\n\t\t\t\t<div class=\"elementor-element elementor-element-bce06e1 elementor-widget elementor-widget-heading\" data-id=\"bce06e1\" data-element_type=\"widget\" data-e-type=\"widget\" data-widget_type=\"heading.default\">\n\t\t\t\t<div class=\"elementor-widget-container\">\n\t\t\t\t\t<h2 class=\"elementor-heading-title elementor-size-default\">A propos de nous<\/h2>\t\t\t\t<\/div>\n\t\t\t\t<\/div>\n\t\t\t\t\t<\/div>\n\t\t\t\t<\/div>\n\t\t<div class=\"elementor-element elementor-element-9f3e545 e-flex e-con-boxed e-con e-parent\" data-id=\"9f3e545\" data-element_type=\"container\" data-e-type=\"container\">\n\t\t\t\t\t<div class=\"e-con-inner\">\n\t\t<div class=\"elementor-element elementor-element-6ce456f e-con-full e-flex e-con e-child\" data-id=\"6ce456f\" data-element_type=\"container\" data-e-type=\"container\">\n\t\t\t\t<div class=\"elementor-element elementor-element-bc1c574 elementor-widget elementor-widget-text-editor\" data-id=\"bc1c574\" data-element_type=\"widget\" data-e-type=\"widget\" data-widget_type=\"text-editor.default\">\n\t\t\t\t<div class=\"elementor-widget-container\">\n\t\t\t\t\t\t\t\t\t<p>Notre entreprise est la seule marque Ceylan Treyler enregistr\u00e9e en Turquie depuis 1976 dans le secteur des remorques. Notre soci\u00e9t\u00e9 a \u00e9t\u00e9 cr\u00e9\u00e9e dans la zone industrielle organis\u00e9e d&rsquo;Ostim pour fabriquer des semi-remorques surbaiss\u00e9es.<\/p>\n<p>Depuis sa cr\u00e9ation, notre soci\u00e9t\u00e9, compte tenu des besoins du secteur, fabrique et con\u00e7oit toutes sortes de remorques pour des chargements sp\u00e9ciaux: remorque surbaiss\u00e9e, remorque jumbo, remorque pilote, remorque dolly, semi-remorque, porte-conteneurs, ch\u00e2ssis sous-citerne et remorque \u00e0 benne basculante.<\/p>\n<p>Avec le syst\u00e8me de gestion de la qualit\u00e9 ISO 9001:2015, elle a fait la diff\u00e9rence dans la qualit\u00e9 des produits et des services en assurant la tra\u00e7abilit\u00e9 des produits et de la production. En 2007, elle a commenc\u00e9 \u00e0 fonctionner dans notre usine de Sarayk\u00f6y\/Kahramankazan\/Ankara. Notre entreprise continue de remporter un grand succ\u00e8s \u00e0 l&rsquo;\u00e9tranger gr\u00e2ce \u00e0 ses exportations.<\/p>\n<p>Notre entreprise, qui poursuit ses activit\u00e9s avec son usine de production de masse \u00e0 Kahramankazan\/Ankara, suit les derni\u00e8res technologies et s&rsquo;am\u00e9liore continuellement afin de r\u00e9pondre aux demandes et aux attentes de nos clients de la meilleure fa\u00e7on possible. Elle a adopt\u00e9 le principe de la satisfaction du client en livrant les produits demand\u00e9s dans la qualit\u00e9 souhait\u00e9e et dans les d\u00e9lais impartis.<\/p>\n<p>Ceylan Treyler attribue \u00e0 ses productions le code WMI NP9\/014 de la SAE (Society of Automotive Engineering, Inc.), reconnu comme autorit\u00e9 internationale par l&rsquo;Organisation internationale de normalisation.<\/p>\n<p>Nous fournissons tous les documents n\u00e9cessaires \u00e0 l&rsquo;enregistrement de nos remorques sur les march\u00e9s europ\u00e9ens et internationaux. Le certificat d&rsquo;homologation des v\u00e9hicules europ\u00e9ens, le certificat d&rsquo;enregistrement de la marque, le certificat d&rsquo;enregistrement industriel et tous les autres documents n\u00e9cessaires sont disponibles.<\/p>\n<p>En tant que Ceylan Treyler, notre objectif est de produire pour le march\u00e9 mondial et d&rsquo;\u00eatre un leader de la concurrence dans notre zone de production. Notre objectif est de r\u00e9aliser la production et les services conform\u00e9ment aux objectifs et aux demandes, du premier coup, dans les d\u00e9lais et \u00e0 chaque fois.<\/p>\n<p>Notre entreprise produit en utilisant des mat\u00e9riaux et des technologies qui ne nuisent pas \u00e0 l&rsquo;environnement et \u00e0 la sant\u00e9 humaine. Cependant, notre politique d&rsquo;entreprise est d&rsquo;offrir les meilleurs prix possibles. Nos droits de marque sont r\u00e9serv\u00e9s.<\/p>\n\t\t\t\t\t\t\t\t<\/div>\n\t\t\t\t<\/div>\n\t\t\t\t<\/div>\n\t\t<div class=\"elementor-element elementor-element-1e0c7dd e-con-full e-flex e-con e-child\" data-id=\"1e0c7dd\" data-element_type=\"container\" data-e-type=\"container\">\n\t\t\t\t<div class=\"elementor-element elementor-element-e3078d8 elementor-widget elementor-widget-image\" data-id=\"e3078d8\" data-element_type=\"widget\" data-e-type=\"widget\" data-widget_type=\"image.default\">\n\t\t\t\t<div class=\"elementor-widget-container\">\n\t\t\t\t\t\t\t\t\t\t\t\t\t\t\t<img fetchpriority=\"high\" decoding=\"async\" width=\"683\" height=\"1024\" src=\"https:\/\/ceylantreyler.com\/wp-content\/uploads\/2023\/06\/corporate-aboutus-1-683x1024.webp\" class=\"attachment-large size-large wp-image-4012\" alt=\"\" srcset=\"https:\/\/ceylantreyler.com\/wp-content\/uploads\/2023\/06\/corporate-aboutus-1-683x1024.webp 683w, https:\/\/ceylantreyler.com\/wp-content\/uploads\/2023\/06\/corporate-aboutus-1-200x300.webp 200w, https:\/\/ceylantreyler.com\/wp-content\/uploads\/2023\/06\/corporate-aboutus-1-768x1152.webp 768w, https:\/\/ceylantreyler.com\/wp-content\/uploads\/2023\/06\/corporate-aboutus-1-1024x1536.webp 1024w, https:\/\/ceylantreyler.com\/wp-content\/uploads\/2023\/06\/corporate-aboutus-1-1365x2048.webp 1365w, https:\/\/ceylantreyler.com\/wp-content\/uploads\/2023\/06\/corporate-aboutus-1-scaled.webp 1707w\" sizes=\"(max-width: 683px) 100vw, 683px\" \/>\t\t\t\t\t\t\t\t\t\t\t\t\t\t\t<\/div>\n\t\t\t\t<\/div>\n\t\t\t\t<\/div>\n\t\t\t\t\t<\/div>\n\t\t\t\t<\/div>\n\t\t<div class=\"elementor-element elementor-element-2720f54 e-flex e-con-boxed e-con e-parent\" data-id=\"2720f54\" data-element_type=\"container\" data-e-type=\"container\">\n\t\t\t\t\t<div class=\"e-con-inner\">\n\t\t<div class=\"elementor-element elementor-element-cfe2b18 e-con-full e-flex e-con e-child\" data-id=\"cfe2b18\" data-element_type=\"container\" data-e-type=\"container\">\n\t\t\t\t<div class=\"elementor-element elementor-element-26973b1 elementor-widget elementor-widget-heading\" data-id=\"26973b1\" data-element_type=\"widget\" data-e-type=\"widget\" data-widget_type=\"heading.default\">\n\t\t\t\t<div class=\"elementor-widget-container\">\n\t\t\t\t\t<h3 class=\"elementor-heading-title elementor-size-default\">La vision<\/h3>\t\t\t\t<\/div>\n\t\t\t\t<\/div>\n\t\t\t\t<div class=\"elementor-element elementor-element-cba511b elementor-widget elementor-widget-text-editor\" data-id=\"cba511b\" data-element_type=\"widget\" data-e-type=\"widget\" data-widget_type=\"text-editor.default\">\n\t\t\t\t<div class=\"elementor-widget-container\">\n\t\t\t\t\t\t\t\t\tDevenir l&rsquo;une des entreprises les plus performantes du secteur des remorques dans les 5 prochaines ann\u00e9es. \t\t\t\t\t\t\t\t<\/div>\n\t\t\t\t<\/div>\n\t\t\t\t<div class=\"elementor-element elementor-element-9d7f533 elementor-widget elementor-widget-heading\" data-id=\"9d7f533\" data-element_type=\"widget\" data-e-type=\"widget\" data-widget_type=\"heading.default\">\n\t\t\t\t<div class=\"elementor-widget-container\">\n\t\t\t\t\t<h3 class=\"elementor-heading-title elementor-size-default\">La mission<\/h3>\t\t\t\t<\/div>\n\t\t\t\t<\/div>\n\t\t\t\t<div class=\"elementor-element elementor-element-c62c8cb elementor-widget elementor-widget-text-editor\" data-id=\"c62c8cb\" data-element_type=\"widget\" data-e-type=\"widget\" data-widget_type=\"text-editor.default\">\n\t\t\t\t<div class=\"elementor-widget-container\">\n\t\t\t\t\t\t\t\t\tDans le secteur des remorques, nous fournissons toujours des produits\/services fiables et de qualit\u00e9, et nous maintenons la satisfaction du client au plus haut niveau. \t\t\t\t\t\t\t\t<\/div>\n\t\t\t\t<\/div>\n\t\t\t\t<div class=\"elementor-element elementor-element-4369cb0 elementor-widget elementor-widget-heading\" data-id=\"4369cb0\" data-element_type=\"widget\" data-e-type=\"widget\" data-widget_type=\"heading.default\">\n\t\t\t\t<div class=\"elementor-widget-container\">\n\t\t\t\t\t<h3 class=\"elementor-heading-title elementor-size-default\">Politique de qualit\u00e9<\/h3>\t\t\t\t<\/div>\n\t\t\t\t<\/div>\n\t\t\t\t<div class=\"elementor-element elementor-element-47fc4ef elementor-widget elementor-widget-text-editor\" data-id=\"47fc4ef\" data-element_type=\"widget\" data-e-type=\"widget\" data-widget_type=\"text-editor.default\">\n\t\t\t\t<div class=\"elementor-widget-container\">\n\t\t\t\t\t\t\t\t\t<p>\u25cf Yasal \u015fartlara ve m\u00fc\u015fterilerimizin ihtiya\u00e7 ve beklentilerine uygun kaliteli \u00fcr\u00fcnler imal etmek<br \/>\u25cf Her alanda s\u00fcrekli iyile\u015ftirmelerle verimlilik art\u0131\u015f\u0131 sa\u011flay\u0131p maliyetleri d\u00fc\u015f\u00fcrerek m\u00fc\u015fteri memnuniyetini sa\u011flamak<br \/>\u25cf S\u00fcrekli e\u011fitimlerle \u00e7al\u0131\u015fanlar\u0131m\u0131z\u0131n sisteme kat\u0131l\u0131mlar\u0131n\u0131 ve yapt\u0131klar\u0131 i\u015flerle gurur duymalar\u0131n\u0131 sa\u011flamak<br \/>\u25cf T\u00fcm \u00e7al\u0131\u015fmalar\u0131m\u0131z\u0131; toplum, \u00e7evre ve payda\u015flar\u0131m\u0131z\u0131n \u00e7\u0131karlar\u0131n\u0131 g\u00f6zeterek y\u00fcr\u00fctmek<\/p>\n\t\t\t\t\t\t\t\t<\/div>\n\t\t\t\t<\/div>\n\t\t\t\t<\/div>\n\t\t<div class=\"elementor-element elementor-element-c066e87 e-con-full e-flex e-con e-child\" data-id=\"c066e87\" data-element_type=\"container\" data-e-type=\"container\">\n\t\t\t\t<div class=\"elementor-element elementor-element-9cb3b43 elementor-widget elementor-widget-heading\" data-id=\"9cb3b43\" data-element_type=\"widget\" data-e-type=\"widget\" data-widget_type=\"heading.default\">\n\t\t\t\t<div class=\"elementor-widget-container\">\n\t\t\t\t\t<h3 class=\"elementor-heading-title elementor-size-default\">Valeurs fondamentales<\/h3>\t\t\t\t<\/div>\n\t\t\t\t<\/div>\n\t\t\t\t<div class=\"elementor-element elementor-element-9c7507a elementor-align-start elementor-icon-list--layout-traditional elementor-list-item-link-full_width elementor-widget elementor-widget-icon-list\" data-id=\"9c7507a\" data-element_type=\"widget\" data-e-type=\"widget\" data-widget_type=\"icon-list.default\">\n\t\t\t\t<div class=\"elementor-widget-container\">\n\t\t\t\t\t\t\t<ul class=\"elementor-icon-list-items\">\n\t\t\t\t\t\t\t<li class=\"elementor-icon-list-item\">\n\t\t\t\t\t\t\t\t\t\t\t<span class=\"elementor-icon-list-icon\">\n\t\t\t\t\t\t\t<i aria-hidden=\"true\" class=\"fas fa-check\"><\/i>\t\t\t\t\t\t<\/span>\n\t\t\t\t\t\t\t\t\t\t<span class=\"elementor-icon-list-text\">Fiabilit\u00e9<\/span>\n\t\t\t\t\t\t\t\t\t<\/li>\n\t\t\t\t\t\t\t\t<li class=\"elementor-icon-list-item\">\n\t\t\t\t\t\t\t\t\t\t\t<span class=\"elementor-icon-list-icon\">\n\t\t\t\t\t\t\t<i aria-hidden=\"true\" class=\"fas fa-check\"><\/i>\t\t\t\t\t\t<\/span>\n\t\t\t\t\t\t\t\t\t\t<span class=\"elementor-icon-list-text\">Honn\u00eatet\u00e9<\/span>\n\t\t\t\t\t\t\t\t\t<\/li>\n\t\t\t\t\t\t\t\t<li class=\"elementor-icon-list-item\">\n\t\t\t\t\t\t\t\t\t\t\t<span class=\"elementor-icon-list-icon\">\n\t\t\t\t\t\t\t<i aria-hidden=\"true\" class=\"fas fa-check\"><\/i>\t\t\t\t\t\t<\/span>\n\t\t\t\t\t\t\t\t\t\t<span class=\"elementor-icon-list-text\">Transparence<\/span>\n\t\t\t\t\t\t\t\t\t<\/li>\n\t\t\t\t\t\t\t\t<li class=\"elementor-icon-list-item\">\n\t\t\t\t\t\t\t\t\t\t\t<span class=\"elementor-icon-list-icon\">\n\t\t\t\t\t\t\t<i aria-hidden=\"true\" class=\"fas fa-check\"><\/i>\t\t\t\t\t\t<\/span>\n\t\t\t\t\t\t\t\t\t\t<span class=\"elementor-icon-list-text\">Une qualit\u00e9 sans compromis<\/span>\n\t\t\t\t\t\t\t\t\t<\/li>\n\t\t\t\t\t\t\t\t<li class=\"elementor-icon-list-item\">\n\t\t\t\t\t\t\t\t\t\t\t<span class=\"elementor-icon-list-icon\">\n\t\t\t\t\t\t\t<i aria-hidden=\"true\" class=\"fas fa-check\"><\/i>\t\t\t\t\t\t<\/span>\n\t\t\t\t\t\t\t\t\t\t<span class=\"elementor-icon-list-text\">Ouvert au d\u00e9veloppement continu<\/span>\n\t\t\t\t\t\t\t\t\t<\/li>\n\t\t\t\t\t\t\t\t<li class=\"elementor-icon-list-item\">\n\t\t\t\t\t\t\t\t\t\t\t<span class=\"elementor-icon-list-icon\">\n\t\t\t\t\t\t\t<i aria-hidden=\"true\" class=\"fas fa-check\"><\/i>\t\t\t\t\t\t<\/span>\n\t\t\t\t\t\t\t\t\t\t<span class=\"elementor-icon-list-text\">Prot\u00e9ger la r\u00e9putation de l'entreprise<\/span>\n\t\t\t\t\t\t\t\t\t<\/li>\n\t\t\t\t\t\t\t\t<li class=\"elementor-icon-list-item\">\n\t\t\t\t\t\t\t\t\t\t\t<span class=\"elementor-icon-list-icon\">\n\t\t\t\t\t\t\t<i aria-hidden=\"true\" class=\"fas fa-check\"><\/i>\t\t\t\t\t\t<\/span>\n\t\t\t\t\t\t\t\t\t\t<span class=\"elementor-icon-list-text\">Orientation des services<\/span>\n\t\t\t\t\t\t\t\t\t<\/li>\n\t\t\t\t\t\t\t\t<li class=\"elementor-icon-list-item\">\n\t\t\t\t\t\t\t\t\t\t\t<span class=\"elementor-icon-list-icon\">\n\t\t\t\t\t\t\t<i aria-hidden=\"true\" class=\"fas fa-check\"><\/i>\t\t\t\t\t\t<\/span>\n\t\t\t\t\t\t\t\t\t\t<span class=\"elementor-icon-list-text\">Sensibilit\u00e9 environnementale<\/span>\n\t\t\t\t\t\t\t\t\t<\/li>\n\t\t\t\t\t\t\t\t<li class=\"elementor-icon-list-item\">\n\t\t\t\t\t\t\t\t\t\t\t<span class=\"elementor-icon-list-icon\">\n\t\t\t\t\t\t\t<i aria-hidden=\"true\" class=\"fas fa-check\"><\/i>\t\t\t\t\t\t<\/span>\n\t\t\t\t\t\t\t\t\t\t<span class=\"elementor-icon-list-text\">Garantir l'esprit d'\u00e9quipe et le bonheur<\/span>\n\t\t\t\t\t\t\t\t\t<\/li>\n\t\t\t\t\t\t\t\t<li class=\"elementor-icon-list-item\">\n\t\t\t\t\t\t\t\t\t\t\t<span class=\"elementor-icon-list-icon\">\n\t\t\t\t\t\t\t<i aria-hidden=\"true\" class=\"fas fa-check\"><\/i>\t\t\t\t\t\t<\/span>\n\t\t\t\t\t\t\t\t\t\t<span class=\"elementor-icon-list-text\">Respect des personnes et de la nature<\/span>\n\t\t\t\t\t\t\t\t\t<\/li>\n\t\t\t\t\t\t\t\t<li class=\"elementor-icon-list-item\">\n\t\t\t\t\t\t\t\t\t\t\t<span class=\"elementor-icon-list-icon\">\n\t\t\t\t\t\t\t<i aria-hidden=\"true\" class=\"fas fa-check\"><\/i>\t\t\t\t\t\t<\/span>\n\t\t\t\t\t\t\t\t\t\t<span class=\"elementor-icon-list-text\">Innovante<\/span>\n\t\t\t\t\t\t\t\t\t<\/li>\n\t\t\t\t\t\t\t\t<li class=\"elementor-icon-list-item\">\n\t\t\t\t\t\t\t\t\t\t\t<span class=\"elementor-icon-list-icon\">\n\t\t\t\t\t\t\t<i aria-hidden=\"true\" class=\"fas fa-check\"><\/i>\t\t\t\t\t\t<\/span>\n\t\t\t\t\t\t\t\t\t\t<span class=\"elementor-icon-list-text\">Committed to Ethical Values<\/span>\n\t\t\t\t\t\t\t\t\t<\/li>\n\t\t\t\t\t\t<\/ul>\n\t\t\t\t\t\t<\/div>\n\t\t\t\t<\/div>\n\t\t\t\t<\/div>\n\t\t\t\t\t<\/div>\n\t\t\t\t<\/div>\n\t\t\t\t<\/div>\n\t\t","protected":false},"excerpt":{"rendered":"<p>Entreprise A propos de nous Notre entreprise est la seule marque Ceylan Treyler enregistr\u00e9e en Turquie depuis 1976 dans le secteur des remorques. Notre soci\u00e9t\u00e9 a \u00e9t\u00e9 cr\u00e9\u00e9e dans la zone industrielle organis\u00e9e d&rsquo;Ostim pour fabriquer des semi-remorques surbaiss\u00e9es. Depuis sa cr\u00e9ation, notre soci\u00e9t\u00e9, compte tenu des besoins du secteur, fabrique et con\u00e7oit toutes sortes [&hellip;]<\/p>\n","protected":false},"author":4,"featured_media":0,"parent":0,"menu_order":0,"comment_status":"closed","ping_status":"closed","template":"","meta":{"site-sidebar-layout":"no-sidebar","site-content-layout":"page-builder","ast-site-content-layout":"","site-content-style":"default","site-sidebar-style":"default","ast-global-header-display":"","ast-banner-title-visibility":"","ast-main-header-display":"","ast-hfb-above-header-display":"","ast-hfb-below-header-display":"","ast-hfb-mobile-header-display":"","site-post-title":"disabled","ast-breadcrumbs-content":"","ast-featured-img":"disabled","footer-sml-layout":"","theme-transparent-header-meta":"default","adv-header-id-meta":"","stick-header-meta":"default","header-above-stick-meta":"","header-main-stick-meta":"","header-below-stick-meta":"","astra-migrate-meta-layouts":"default","ast-page-background-enabled":"default","ast-page-background-meta":{"desktop":{"background-color":"","background-image":"","background-repeat":"repeat","background-position":"center center","background-size":"auto","background-attachment":"scroll","background-type":"","background-media":"","overlay-type":"","overlay-color":"","overlay-opacity":"","overlay-gradient":""},"tablet":{"background-color":"","background-image":"","background-repeat":"repeat","background-position":"center center","background-size":"auto","background-attachment":"scroll","background-type":"","background-media":"","overlay-type":"","overlay-color":"","overlay-opacity":"","overlay-gradient":""},"mobile":{"background-color":"","background-image":"","background-repeat":"repeat","background-position":"center center","background-size":"auto","background-attachment":"scroll","background-type":"","background-media":"","overlay-type":"","overlay-color":"","overlay-opacity":"","overlay-gradient":""}},"ast-content-background-meta":{"desktop":{"background-color":"var(--ast-global-color-5)","background-image":"","background-repeat":"repeat","background-position":"center center","background-size":"auto","background-attachment":"scroll","background-type":"","background-media":"","overlay-type":"","overlay-color":"","overlay-opacity":"","overlay-gradient":""},"tablet":{"background-color":"var(--ast-global-color-5)","background-image":"","background-repeat":"repeat","background-position":"center center","background-size":"auto","background-attachment":"scroll","background-type":"","background-media":"","overlay-type":"","overlay-color":"","overlay-opacity":"","overlay-gradient":""},"mobile":{"background-color":"var(--ast-global-color-5)","background-image":"","background-repeat":"repeat","background-position":"center center","background-size":"auto","background-attachment":"scroll","background-type":"","background-media":"","overlay-type":"","overlay-color":"","overlay-opacity":"","overlay-gradient":""}},"footnotes":""},"class_list":["post-4709","page","type-page","status-publish","hentry"],"_links":{"self":[{"href":"https:\/\/ceylantreyler.com\/fr\/wp-json\/wp\/v2\/pages\/4709","targetHints":{"allow":["GET"]}}],"collection":[{"href":"https:\/\/ceylantreyler.com\/fr\/wp-json\/wp\/v2\/pages"}],"about":[{"href":"https:\/\/ceylantreyler.com\/fr\/wp-json\/wp\/v2\/types\/page"}],"author":[{"embeddable":true,"href":"https:\/\/ceylantreyler.com\/fr\/wp-json\/wp\/v2\/users\/4"}],"replies":[{"embeddable":true,"href":"https:\/\/ceylantreyler.com\/fr\/wp-json\/wp\/v2\/comments?post=4709"}],"version-history":[{"count":2,"href":"https:\/\/ceylantreyler.com\/fr\/wp-json\/wp\/v2\/pages\/4709\/revisions"}],"predecessor-version":[{"id":4753,"href":"https:\/\/ceylantreyler.com\/fr\/wp-json\/wp\/v2\/pages\/4709\/revisions\/4753"}],"wp:attachment":[{"href":"https:\/\/ceylantreyler.com\/fr\/wp-json\/wp\/v2\/media?parent=4709"}],"curies":[{"name":"wp","href":"https:\/\/api.w.org\/{rel}","templated":true}]}}